{"id":137,"date":"2025-01-12T17:07:44","date_gmt":"2025-01-12T16:07:44","guid":{"rendered":"https:\/\/mdisplay.es\/?page_id=137"},"modified":"2025-01-12T22:54:41","modified_gmt":"2025-01-12T21:54:41","slug":"inicio","status":"publish","type":"page","link":"https:\/\/mdisplay.es\/","title":{"rendered":"Inicio"},"content":{"rendered":"\n\n\n\n<div class=\"wp-block-uagb-testimonial uagb-slick-carousel uagb-tm__arrow-outside uagb-block-9e0857c5\"><div class=\"is-carousel uagb-tm__columns-1 uagb-tm__items\"><div class=\"uagb-testimonial__wrap  uagb-tm__imgicon-style-circle uagb-tm__image-position-bottom uagb-tm__bg-type-none \"><div class=\"uagb-tm__content\"><div class=\"uagb-tm__overlay\"><\/div><div class=\"uagb-tm__text-wrap\"><div class=\"uagb-tm__desc\">Con MDisplay podemos mostrar los videos de los productos y promociones que tenemos en nuestros locales.<\/div><div class=\"uagb-tm__meta-inner\"><div class=\"uagb-testimonial-details\"><span class=\"uagb-tm__author-name\">Daniel Gamino Cano<\/span><span class=\"uagb-tm__company\">CEO de Ebanni<\/span><\/div><\/div><\/div><\/div><\/div><div class=\"uagb-testimonial__wrap  uagb-tm__imgicon-style-circle uagb-tm__image-position-bottom uagb-tm__bg-type-none \"><div class=\"uagb-tm__content\"><div class=\"uagb-tm__overlay\"><\/div><div class=\"uagb-tm__text-wrap\"><div class=\"uagb-tm__desc\">MDisplay nos ha permitido implantar nuestro concepto de carta din\u00e1mica. La creaci\u00f3n de diferente cartas para m\u00faltiples eventos y poder mostrarla por pantalla nos da la flexibilidad que necesitamos.<\/div><div class=\"uagb-tm__meta-inner\"><div class=\"uagb-testimonial-details\"><span class=\"uagb-tm__author-name\">Juan Fern\u00e1ndez<\/span><span class=\"uagb-tm__company\">Gerente de Malte Atochas y Malte Galera en A Coru\u00f1a<\/span><\/div><\/div><\/div><\/div><\/div><\/div><\/div>\n\n\n\n<p><\/p>\n","protected":false},"excerpt":{"rendered":"","protected":false},"author":1,"featured_media":0,"parent":0,"menu_order":0,"comment_status":"closed","ping_status":"closed","template":"","meta":{"_uag_custom_page_level_css":"","_kad_post_transparent":"","_kad_post_title":"","_kad_post_layout":"","_kad_post_sidebar_id":"","_kad_post_content_style":"","_kad_post_vertical_padding":"","_kad_post_feature":"","_kad_post_feature_position":"","_kad_post_header":false,"_kad_post_footer":false,"footnotes":""},"class_list":["post-137","page","type-page","status-publish","hentry"],"yoast_head":"<!-- This site is optimized with the Yoast SEO plugin v24.1 - https:\/\/yoast.com\/wordpress\/plugins\/seo\/ -->\n<title>Inicio -<\/title>\n<meta name=\"robots\" content=\"index, follow, max-snippet:-1, max-image-preview:large, max-video-preview:-1\" \/>\n<link rel=\"canonical\" href=\"https:\/\/mdisplay.es\/\" \/>\n<meta property=\"og:locale\" content=\"es_ES\" \/>\n<meta property=\"og:type\" content=\"article\" \/>\n<meta property=\"og:title\" content=\"Inicio -\" \/>\n<meta property=\"og:url\" content=\"https:\/\/mdisplay.es\/\" \/>\n<meta property=\"article:modified_time\" content=\"2025-01-12T21:54:41+00:00\" \/>\n<meta name=\"twitter:card\" content=\"summary_large_image\" \/>\n<meta name=\"twitter:label1\" content=\"Tiempo de lectura\" \/>\n\t<meta name=\"twitter:data1\" content=\"1 minuto\" \/>\n<script type=\"application\/ld+json\" class=\"yoast-schema-graph\">{\"@context\":\"https:\/\/schema.org\",\"@graph\":[{\"@type\":\"WebPage\",\"@id\":\"https:\/\/mdisplay.es\/\",\"url\":\"https:\/\/mdisplay.es\/\",\"name\":\"Inicio -\",\"isPartOf\":{\"@id\":\"https:\/\/mdisplay.es\/#website\"},\"datePublished\":\"2025-01-12T16:07:44+00:00\",\"dateModified\":\"2025-01-12T21:54:41+00:00\",\"breadcrumb\":{\"@id\":\"https:\/\/mdisplay.es\/#breadcrumb\"},\"inLanguage\":\"es\",\"potentialAction\":[{\"@type\":\"ReadAction\",\"target\":[\"https:\/\/mdisplay.es\/\"]}]},{\"@type\":\"BreadcrumbList\",\"@id\":\"https:\/\/mdisplay.es\/#breadcrumb\",\"itemListElement\":[{\"@type\":\"ListItem\",\"position\":1,\"name\":\"Portada\",\"item\":\"https:\/\/mdisplay.es\/\"},{\"@type\":\"ListItem\",\"position\":2,\"name\":\"Inicio\"}]},{\"@type\":\"WebSite\",\"@id\":\"https:\/\/mdisplay.es\/#website\",\"url\":\"https:\/\/mdisplay.es\/\",\"name\":\"MDisplay\",\"description\":\"Carteler\u00eda Digital\",\"publisher\":{\"@id\":\"https:\/\/mdisplay.es\/#organization\"},\"potentialAction\":[{\"@type\":\"SearchAction\",\"target\":{\"@type\":\"EntryPoint\",\"urlTemplate\":\"https:\/\/mdisplay.es\/?s={search_term_string}\"},\"query-input\":{\"@type\":\"PropertyValueSpecification\",\"valueRequired\":true,\"valueName\":\"search_term_string\"}}],\"inLanguage\":\"es\"},{\"@type\":\"Organization\",\"@id\":\"https:\/\/mdisplay.es\/#organization\",\"name\":\"MDisplay\",\"url\":\"https:\/\/mdisplay.es\/\",\"logo\":{\"@type\":\"ImageObject\",\"inLanguage\":\"es\",\"@id\":\"https:\/\/mdisplay.es\/#\/schema\/logo\/image\/\",\"url\":\"https:\/\/mdisplay.es\/wp-content\/uploads\/2025\/01\/LogoNoSlogan.png\",\"contentUrl\":\"https:\/\/mdisplay.es\/wp-content\/uploads\/2025\/01\/LogoNoSlogan.png\",\"width\":639,\"height\":359,\"caption\":\"MDisplay\"},\"image\":{\"@id\":\"https:\/\/mdisplay.es\/#\/schema\/logo\/image\/\"}}]}<\/script>\n<!-- \/ Yoast SEO plugin. -->","yoast_head_json":{"title":"Inicio -","robots":{"index":"index","follow":"follow","max-snippet":"max-snippet:-1","max-image-preview":"max-image-preview:large","max-video-preview":"max-video-preview:-1"},"canonical":"https:\/\/mdisplay.es\/","og_locale":"es_ES","og_type":"article","og_title":"Inicio -","og_url":"https:\/\/mdisplay.es\/","article_modified_time":"2025-01-12T21:54:41+00:00","twitter_card":"summary_large_image","twitter_misc":{"Tiempo de lectura":"1 minuto"},"schema":{"@context":"https:\/\/schema.org","@graph":[{"@type":"WebPage","@id":"https:\/\/mdisplay.es\/","url":"https:\/\/mdisplay.es\/","name":"Inicio -","isPartOf":{"@id":"https:\/\/mdisplay.es\/#website"},"datePublished":"2025-01-12T16:07:44+00:00","dateModified":"2025-01-12T21:54:41+00:00","breadcrumb":{"@id":"https:\/\/mdisplay.es\/#breadcrumb"},"inLanguage":"es","potentialAction":[{"@type":"ReadAction","target":["https:\/\/mdisplay.es\/"]}]},{"@type":"BreadcrumbList","@id":"https:\/\/mdisplay.es\/#breadcrumb","itemListElement":[{"@type":"ListItem","position":1,"name":"Portada","item":"https:\/\/mdisplay.es\/"},{"@type":"ListItem","position":2,"name":"Inicio"}]},{"@type":"WebSite","@id":"https:\/\/mdisplay.es\/#website","url":"https:\/\/mdisplay.es\/","name":"MDisplay","description":"Carteler\u00eda Digital","publisher":{"@id":"https:\/\/mdisplay.es\/#organization"},"potentialAction":[{"@type":"SearchAction","target":{"@type":"EntryPoint","urlTemplate":"https:\/\/mdisplay.es\/?s={search_term_string}"},"query-input":{"@type":"PropertyValueSpecification","valueRequired":true,"valueName":"search_term_string"}}],"inLanguage":"es"},{"@type":"Organization","@id":"https:\/\/mdisplay.es\/#organization","name":"MDisplay","url":"https:\/\/mdisplay.es\/","logo":{"@type":"ImageObject","inLanguage":"es","@id":"https:\/\/mdisplay.es\/#\/schema\/logo\/image\/","url":"https:\/\/mdisplay.es\/wp-content\/uploads\/2025\/01\/LogoNoSlogan.png","contentUrl":"https:\/\/mdisplay.es\/wp-content\/uploads\/2025\/01\/LogoNoSlogan.png","width":639,"height":359,"caption":"MDisplay"},"image":{"@id":"https:\/\/mdisplay.es\/#\/schema\/logo\/image\/"}}]}},"uagb_featured_image_src":{"full":false,"thumbnail":false,"medium":false,"medium_large":false,"large":false,"1536x1536":false,"2048x2048":false},"uagb_author_info":{"display_name":"mdisplay","author_link":"https:\/\/mdisplay.es\/index.php\/author\/mdisplay\/"},"uagb_comment_info":0,"uagb_excerpt":null,"_links":{"self":[{"href":"https:\/\/mdisplay.es\/index.php\/wp-json\/wp\/v2\/pages\/137","targetHints":{"allow":["GET"]}}],"collection":[{"href":"https:\/\/mdisplay.es\/index.php\/wp-json\/wp\/v2\/pages"}],"about":[{"href":"https:\/\/mdisplay.es\/index.php\/wp-json\/wp\/v2\/types\/page"}],"author":[{"embeddable":true,"href":"https:\/\/mdisplay.es\/index.php\/wp-json\/wp\/v2\/users\/1"}],"replies":[{"embeddable":true,"href":"https:\/\/mdisplay.es\/index.php\/wp-json\/wp\/v2\/comments?post=137"}],"version-history":[{"count":5,"href":"https:\/\/mdisplay.es\/index.php\/wp-json\/wp\/v2\/pages\/137\/revisions"}],"predecessor-version":[{"id":147,"href":"https:\/\/mdisplay.es\/index.php\/wp-json\/wp\/v2\/pages\/137\/revisions\/147"}],"wp:attachment":[{"href":"https:\/\/mdisplay.es\/index.php\/wp-json\/wp\/v2\/media?parent=137"}],"curies":[{"name":"wp","href":"https:\/\/api.w.org\/{rel}","templated":true}]}}