{"id":2,"date":"2024-11-26T23:42:45","date_gmt":"2024-11-26T22:42:45","guid":{"rendered":"https:\/\/mdisplay.es\/?page_id=2"},"modified":"2025-01-08T00:04:12","modified_gmt":"2025-01-07T23:04:12","slug":"mdisplay-inicio","status":"publish","type":"page","link":"https:\/\/mdisplay.es\/index.php\/mdisplay-inicio\/","title":{"rendered":"\u00bfQu\u00e9 es MDisplay?"},"content":{"rendered":"\n<p>MDisplay es un sistema de Digital Signage que te permite crear y gestionar contenidos multimedia para pantallas digitales. Con MDisplay puedes mostrar tus mensajes publicitarios, informativos o educativos de forma din\u00e1mica y atractiva.<\/p>\n\n\n\n<div class=\"wp-block-uagb-container uagb-block-52464f1f alignfull uagb-is-root-container\"><div class=\"uagb-container-inner-blocks-wrap\">\n<div class=\"wp-block-uagb-container uagb-block-01833032\">\n<figure class=\"wp-block-image size-full\"><img loading=\"lazy\" decoding=\"async\" width=\"686\" height=\"350\" src=\"https:\/\/mdisplay.es\/wp-content\/uploads\/2025\/01\/malte1.png\" alt=\"\" class=\"wp-image-112\" srcset=\"https:\/\/mdisplay.es\/wp-content\/uploads\/2025\/01\/malte1.png 686w, https:\/\/mdisplay.es\/wp-content\/uploads\/2025\/01\/malte1-300x153.png 300w\" sizes=\"auto, (max-width: 686px) 100vw, 686px\" \/><\/figure>\n<\/div>\n\n\n\n<div class=\"wp-block-uagb-container uagb-block-aa90e8a3\">\n<figure class=\"wp-block-image size-full\"><img loading=\"lazy\" decoding=\"async\" width=\"707\" height=\"350\" src=\"https:\/\/mdisplay.es\/wp-content\/uploads\/2025\/01\/malte2.png\" alt=\"\" class=\"wp-image-113\" srcset=\"https:\/\/mdisplay.es\/wp-content\/uploads\/2025\/01\/malte2.png 707w, https:\/\/mdisplay.es\/wp-content\/uploads\/2025\/01\/malte2-300x149.png 300w\" sizes=\"auto, (max-width: 707px) 100vw, 707px\" \/><\/figure>\n<\/div>\n\n\n\n<div class=\"wp-block-uagb-container uagb-block-541c8060\">\n<figure class=\"wp-block-image size-full\"><img loading=\"lazy\" decoding=\"async\" width=\"650\" height=\"350\" src=\"https:\/\/mdisplay.es\/wp-content\/uploads\/2025\/01\/malte3.png\" alt=\"\" class=\"wp-image-114\" srcset=\"https:\/\/mdisplay.es\/wp-content\/uploads\/2025\/01\/malte3.png 650w, https:\/\/mdisplay.es\/wp-content\/uploads\/2025\/01\/malte3-300x162.png 300w\" sizes=\"auto, (max-width: 650px) 100vw, 650px\" \/><\/figure>\n<\/div>\n<\/div><\/div>\n\n\n\n<p>MDisplay es f\u00e1cil de usar, flexible y escalable. Puedes crear tus propias plantillas o elegir entre las que te ofrecemos. Puedes programar tus contenidos por horarios, d\u00edas o eventos. Puedes controlar tus pantallas desde cualquier dispositivo con conexi\u00f3n a internet.<\/p>\n\n\n\t\t\t\t\t<div\n\t\t\t\t\t\tclass=\"wp-block-uagb-image-gallery uagb-block-daa6ab9f     \"\n\t\t\t\t\t\tstyle=\"\"\n\t\t\t\t\t>\n\t\t\t\t\t\t\t\t\t\t\t<div class=\"spectra-image-gallery spectra-image-gallery__layout--grid spectra-image-gallery__layout--grid-col-3 spectra-image-gallery__layout--grid-col-tab-3 spectra-image-gallery__layout--grid-col-mob-2\">\n\t\t\t\t\t\t\t\t\t\t\t<div class='spectra-image-gallery__media-wrapper' data-spectra-gallery-image-id='123' tabindex=\"0\">\n\t\t\t\t\t\t\t<div class=\"spectra-image-gallery__media spectra-image-gallery__media--grid\">\n\t\t\t\t<picture>\n\t\t\t\t\t<source media=\"(min-width: 1024px)\" srcset=\"https:\/\/mdisplay.es\/wp-content\/uploads\/2025\/01\/ebanni1-576x1024.jpg\">\n\t\t\t\t\t<source media=\"(min-width: 768px)\" srcset=\"https:\/\/mdisplay.es\/wp-content\/uploads\/2025\/01\/ebanni1-576x1024.jpg\">\n\t\t\t\t\t<img decoding=\"async\" class=\"spectra-image-gallery__media-thumbnail spectra-image-gallery__media-thumbnail--grid\" src=\"https:\/\/mdisplay.es\/wp-content\/uploads\/2025\/01\/ebanni1-169x300.jpg\" alt=\"\" loading=\"lazy\" \/>\n\t\t\t\t<\/picture>\n\t\t\t\t<div class=\"spectra-image-gallery__media-thumbnail-blurrer\"><\/div>\n\t\t\t\t\t\t\t\t\t\t\t<div class=\"spectra-image-gallery__media-thumbnail-caption-wrapper spectra-image-gallery__media-thumbnail-caption-wrapper--overlay\">\n\t\t\t\t\t\t\t\t\t\t\t<div class=\"spectra-image-gallery__media-thumbnail-caption spectra-image-gallery__media-thumbnail-caption--overlay\">\n\t\t\t\t\t&#8211;\t\t\t\t<\/div>\n\t\t\t\t\t\t\t\t\t\t<\/div>\n\t\t\t\t\t\t\t\t\t<\/div>\n\t\t\t\t\t\t<\/div>\n\t\t\t\t\t\t<div class='spectra-image-gallery__media-wrapper' data-spectra-gallery-image-id='124' tabindex=\"0\">\n\t\t\t\t\t\t\t<div class=\"spectra-image-gallery__media spectra-image-gallery__media--grid\">\n\t\t\t\t<picture>\n\t\t\t\t\t<source media=\"(min-width: 1024px)\" srcset=\"https:\/\/mdisplay.es\/wp-content\/uploads\/2025\/01\/ebanni2.png\">\n\t\t\t\t\t<source media=\"(min-width: 768px)\" srcset=\"https:\/\/mdisplay.es\/wp-content\/uploads\/2025\/01\/ebanni2.png\">\n\t\t\t\t\t<img decoding=\"async\" class=\"spectra-image-gallery__media-thumbnail spectra-image-gallery__media-thumbnail--grid\" src=\"https:\/\/mdisplay.es\/wp-content\/uploads\/2025\/01\/ebanni2-168x300.png\" alt=\"\" loading=\"lazy\" \/>\n\t\t\t\t<\/picture>\n\t\t\t\t<div class=\"spectra-image-gallery__media-thumbnail-blurrer\"><\/div>\n\t\t\t\t\t\t\t\t\t\t\t<div class=\"spectra-image-gallery__media-thumbnail-caption-wrapper spectra-image-gallery__media-thumbnail-caption-wrapper--overlay\">\n\t\t\t\t\t\t\t\t\t\t\t<div class=\"spectra-image-gallery__media-thumbnail-caption spectra-image-gallery__media-thumbnail-caption--overlay\">\n\t\t\t\t\t&#8211;\t\t\t\t<\/div>\n\t\t\t\t\t\t\t\t\t\t<\/div>\n\t\t\t\t\t\t\t\t\t<\/div>\n\t\t\t\t\t\t<\/div>\n\t\t\t\t\t\t<div class='spectra-image-gallery__media-wrapper' data-spectra-gallery-image-id='125' tabindex=\"0\">\n\t\t\t\t\t\t\t<div class=\"spectra-image-gallery__media spectra-image-gallery__media--grid\">\n\t\t\t\t<picture>\n\t\t\t\t\t<source media=\"(min-width: 1024px)\" srcset=\"https:\/\/mdisplay.es\/wp-content\/uploads\/2025\/01\/ebanni3-576x1024.jpg\">\n\t\t\t\t\t<source media=\"(min-width: 768px)\" srcset=\"https:\/\/mdisplay.es\/wp-content\/uploads\/2025\/01\/ebanni3-576x1024.jpg\">\n\t\t\t\t\t<img decoding=\"async\" class=\"spectra-image-gallery__media-thumbnail spectra-image-gallery__media-thumbnail--grid\" src=\"https:\/\/mdisplay.es\/wp-content\/uploads\/2025\/01\/ebanni3-169x300.jpg\" alt=\"\" loading=\"lazy\" \/>\n\t\t\t\t<\/picture>\n\t\t\t\t<div class=\"spectra-image-gallery__media-thumbnail-blurrer\"><\/div>\n\t\t\t\t\t\t\t\t\t\t\t<div class=\"spectra-image-gallery__media-thumbnail-caption-wrapper spectra-image-gallery__media-thumbnail-caption-wrapper--overlay\">\n\t\t\t\t\t\t\t\t\t\t\t<div class=\"spectra-image-gallery__media-thumbnail-caption spectra-image-gallery__media-thumbnail-caption--overlay\">\n\t\t\t\t\t&#8211;\t\t\t\t<\/div>\n\t\t\t\t\t\t\t\t\t\t<\/div>\n\t\t\t\t\t\t\t\t\t<\/div>\n\t\t\t\t\t\t<\/div>\n\t\t\t\t\t\t\t\t\t\t<\/div>\n\t\t\t\t\t\t\t\t\t\t\t\t\t\t\t\t\t\t<\/div>\n\t\t\t\t\t\t\t\t\t\n\n\n<p>MDisplay es la soluci\u00f3n ideal para todo tipo de negocios y sectores. Ya sea que quieras mejorar la comunicaci\u00f3n interna de tu empresa, aumentar las ventas de tu tienda, promocionar tu marca o evento, o educar a tu p\u00fablico, MDisplay te ayuda a lograrlo.<\/p>\n\n\n\n<div class=\"wp-block-uagb-call-to-action uagb-block-ca368f3f wp-block-button\"><div class=\"uagb-cta__wrap\"><h3 class=\"uagb-cta__title\">CONTACTA<\/h3><p class=\"uagb-cta__desc\">Si te gusta lo que ves, no esperes m\u00e1s y contacta con nosotros.<\/p><\/div><div class=\"uagb-cta__buttons\"><a href=\"https:\/\/mdisplay.es\/index.php\/contacto\/\" class=\"uagb-cta__button-link-wrapper wp-block-button__link\" target=\"_self\" rel=\"noopener noreferrer\">IR AL FORMULARIO<\/a><\/div><\/div>\n","protected":false},"excerpt":{"rendered":"<p>MDisplay es un sistema de Digital Signage que te permite crear y gestionar contenidos multimedia para pantallas digitales. Con MDisplay puedes mostrar tus mensajes publicitarios, informativos o educativos de forma din\u00e1mica y atractiva. MDisplay es f\u00e1cil de usar, flexible y escalable. Puedes crear tus propias plantillas o elegir entre las que te ofrecemos. Puedes programar&#8230;<\/p>\n","protected":false},"author":1,"featured_media":0,"parent":0,"menu_order":0,"comment_status":"closed","ping_status":"closed","template":"","meta":{"_uag_custom_page_level_css":"","_kad_post_transparent":"","_kad_post_title":"","_kad_post_layout":"","_kad_post_sidebar_id":"","_kad_post_content_style":"","_kad_post_vertical_padding":"","_kad_post_feature":"","_kad_post_feature_position":"","_kad_post_header":false,"_kad_post_footer":false,"footnotes":""},"class_list":["post-2","page","type-page","status-publish","hentry"],"yoast_head":"<!-- This site is optimized with the Yoast SEO plugin v24.1 - https:\/\/yoast.com\/wordpress\/plugins\/seo\/ -->\n<title>\u00bfQu\u00e9 es MDisplay? -<\/title>\n<meta name=\"robots\" content=\"index, follow, max-snippet:-1, max-image-preview:large, max-video-preview:-1\" \/>\n<link rel=\"canonical\" href=\"https:\/\/mdisplay.es\/index.php\/mdisplay-inicio\/\" \/>\n<meta property=\"og:locale\" content=\"es_ES\" \/>\n<meta property=\"og:type\" content=\"article\" \/>\n<meta property=\"og:title\" content=\"\u00bfQu\u00e9 es MDisplay? -\" \/>\n<meta property=\"og:description\" content=\"MDisplay es un sistema de Digital Signage que te permite crear y gestionar contenidos multimedia para pantallas digitales. Con MDisplay puedes mostrar tus mensajes publicitarios, informativos o educativos de forma din\u00e1mica y atractiva. MDisplay es f\u00e1cil de usar, flexible y escalable. Puedes crear tus propias plantillas o elegir entre las que te ofrecemos. Puedes programar...\" \/>\n<meta property=\"og:url\" content=\"https:\/\/mdisplay.es\/index.php\/mdisplay-inicio\/\" \/>\n<meta property=\"article:modified_time\" content=\"2025-01-07T23:04:12+00:00\" \/>\n<meta property=\"og:image\" content=\"https:\/\/mdisplay.es\/wp-content\/uploads\/2025\/01\/malte1.png\" \/>\n\t<meta property=\"og:image:width\" content=\"686\" \/>\n\t<meta property=\"og:image:height\" content=\"350\" \/>\n\t<meta property=\"og:image:type\" content=\"image\/png\" \/>\n<meta name=\"twitter:card\" content=\"summary_large_image\" \/>\n<meta name=\"twitter:label1\" content=\"Tiempo de lectura\" \/>\n\t<meta name=\"twitter:data1\" content=\"2 minutos\" \/>\n<script type=\"application\/ld+json\" class=\"yoast-schema-graph\">{\"@context\":\"https:\/\/schema.org\",\"@graph\":[{\"@type\":\"WebPage\",\"@id\":\"https:\/\/mdisplay.es\/index.php\/mdisplay-inicio\/\",\"url\":\"https:\/\/mdisplay.es\/index.php\/mdisplay-inicio\/\",\"name\":\"\u00bfQu\u00e9 es MDisplay? -\",\"isPartOf\":{\"@id\":\"https:\/\/mdisplay.es\/#website\"},\"primaryImageOfPage\":{\"@id\":\"https:\/\/mdisplay.es\/index.php\/mdisplay-inicio\/#primaryimage\"},\"image\":{\"@id\":\"https:\/\/mdisplay.es\/index.php\/mdisplay-inicio\/#primaryimage\"},\"thumbnailUrl\":\"https:\/\/mdisplay.es\/wp-content\/uploads\/2025\/01\/malte1.png\",\"datePublished\":\"2024-11-26T22:42:45+00:00\",\"dateModified\":\"2025-01-07T23:04:12+00:00\",\"breadcrumb\":{\"@id\":\"https:\/\/mdisplay.es\/index.php\/mdisplay-inicio\/#breadcrumb\"},\"inLanguage\":\"es\",\"potentialAction\":[{\"@type\":\"ReadAction\",\"target\":[\"https:\/\/mdisplay.es\/index.php\/mdisplay-inicio\/\"]}]},{\"@type\":\"ImageObject\",\"inLanguage\":\"es\",\"@id\":\"https:\/\/mdisplay.es\/index.php\/mdisplay-inicio\/#primaryimage\",\"url\":\"\",\"contentUrl\":\"\"},{\"@type\":\"BreadcrumbList\",\"@id\":\"https:\/\/mdisplay.es\/index.php\/mdisplay-inicio\/#breadcrumb\",\"itemListElement\":[{\"@type\":\"ListItem\",\"position\":1,\"name\":\"Portada\",\"item\":\"https:\/\/mdisplay.es\/\"},{\"@type\":\"ListItem\",\"position\":2,\"name\":\"\u00bfQu\u00e9 es MDisplay?\"}]},{\"@type\":\"WebSite\",\"@id\":\"https:\/\/mdisplay.es\/#website\",\"url\":\"https:\/\/mdisplay.es\/\",\"name\":\"MDisplay\",\"description\":\"Carteler\u00eda Digital\",\"publisher\":{\"@id\":\"https:\/\/mdisplay.es\/#organization\"},\"potentialAction\":[{\"@type\":\"SearchAction\",\"target\":{\"@type\":\"EntryPoint\",\"urlTemplate\":\"https:\/\/mdisplay.es\/?s={search_term_string}\"},\"query-input\":{\"@type\":\"PropertyValueSpecification\",\"valueRequired\":true,\"valueName\":\"search_term_string\"}}],\"inLanguage\":\"es\"},{\"@type\":\"Organization\",\"@id\":\"https:\/\/mdisplay.es\/#organization\",\"name\":\"MDisplay\",\"url\":\"https:\/\/mdisplay.es\/\",\"logo\":{\"@type\":\"ImageObject\",\"inLanguage\":\"es\",\"@id\":\"https:\/\/mdisplay.es\/#\/schema\/logo\/image\/\",\"url\":\"https:\/\/mdisplay.es\/wp-content\/uploads\/2025\/01\/LogoNoSlogan.png\",\"contentUrl\":\"https:\/\/mdisplay.es\/wp-content\/uploads\/2025\/01\/LogoNoSlogan.png\",\"width\":639,\"height\":359,\"caption\":\"MDisplay\"},\"image\":{\"@id\":\"https:\/\/mdisplay.es\/#\/schema\/logo\/image\/\"}}]}<\/script>\n<!-- \/ Yoast SEO plugin. -->","yoast_head_json":{"title":"\u00bfQu\u00e9 es MDisplay? -","robots":{"index":"index","follow":"follow","max-snippet":"max-snippet:-1","max-image-preview":"max-image-preview:large","max-video-preview":"max-video-preview:-1"},"canonical":"https:\/\/mdisplay.es\/index.php\/mdisplay-inicio\/","og_locale":"es_ES","og_type":"article","og_title":"\u00bfQu\u00e9 es MDisplay? -","og_description":"MDisplay es un sistema de Digital Signage que te permite crear y gestionar contenidos multimedia para pantallas digitales. Con MDisplay puedes mostrar tus mensajes publicitarios, informativos o educativos de forma din\u00e1mica y atractiva. MDisplay es f\u00e1cil de usar, flexible y escalable. Puedes crear tus propias plantillas o elegir entre las que te ofrecemos. Puedes programar...","og_url":"https:\/\/mdisplay.es\/index.php\/mdisplay-inicio\/","article_modified_time":"2025-01-07T23:04:12+00:00","og_image":[{"width":686,"height":350,"url":"https:\/\/mdisplay.es\/wp-content\/uploads\/2025\/01\/malte1.png","type":"image\/png"}],"twitter_card":"summary_large_image","twitter_misc":{"Tiempo de lectura":"2 minutos"},"schema":{"@context":"https:\/\/schema.org","@graph":[{"@type":"WebPage","@id":"https:\/\/mdisplay.es\/index.php\/mdisplay-inicio\/","url":"https:\/\/mdisplay.es\/index.php\/mdisplay-inicio\/","name":"\u00bfQu\u00e9 es MDisplay? -","isPartOf":{"@id":"https:\/\/mdisplay.es\/#website"},"primaryImageOfPage":{"@id":"https:\/\/mdisplay.es\/index.php\/mdisplay-inicio\/#primaryimage"},"image":{"@id":"https:\/\/mdisplay.es\/index.php\/mdisplay-inicio\/#primaryimage"},"thumbnailUrl":"https:\/\/mdisplay.es\/wp-content\/uploads\/2025\/01\/malte1.png","datePublished":"2024-11-26T22:42:45+00:00","dateModified":"2025-01-07T23:04:12+00:00","breadcrumb":{"@id":"https:\/\/mdisplay.es\/index.php\/mdisplay-inicio\/#breadcrumb"},"inLanguage":"es","potentialAction":[{"@type":"ReadAction","target":["https:\/\/mdisplay.es\/index.php\/mdisplay-inicio\/"]}]},{"@type":"ImageObject","inLanguage":"es","@id":"https:\/\/mdisplay.es\/index.php\/mdisplay-inicio\/#primaryimage","url":"","contentUrl":""},{"@type":"BreadcrumbList","@id":"https:\/\/mdisplay.es\/index.php\/mdisplay-inicio\/#breadcrumb","itemListElement":[{"@type":"ListItem","position":1,"name":"Portada","item":"https:\/\/mdisplay.es\/"},{"@type":"ListItem","position":2,"name":"\u00bfQu\u00e9 es MDisplay?"}]},{"@type":"WebSite","@id":"https:\/\/mdisplay.es\/#website","url":"https:\/\/mdisplay.es\/","name":"MDisplay","description":"Carteler\u00eda Digital","publisher":{"@id":"https:\/\/mdisplay.es\/#organization"},"potentialAction":[{"@type":"SearchAction","target":{"@type":"EntryPoint","urlTemplate":"https:\/\/mdisplay.es\/?s={search_term_string}"},"query-input":{"@type":"PropertyValueSpecification","valueRequired":true,"valueName":"search_term_string"}}],"inLanguage":"es"},{"@type":"Organization","@id":"https:\/\/mdisplay.es\/#organization","name":"MDisplay","url":"https:\/\/mdisplay.es\/","logo":{"@type":"ImageObject","inLanguage":"es","@id":"https:\/\/mdisplay.es\/#\/schema\/logo\/image\/","url":"https:\/\/mdisplay.es\/wp-content\/uploads\/2025\/01\/LogoNoSlogan.png","contentUrl":"https:\/\/mdisplay.es\/wp-content\/uploads\/2025\/01\/LogoNoSlogan.png","width":639,"height":359,"caption":"MDisplay"},"image":{"@id":"https:\/\/mdisplay.es\/#\/schema\/logo\/image\/"}}]}},"uagb_featured_image_src":{"full":false,"thumbnail":false,"medium":false,"medium_large":false,"large":false,"1536x1536":false,"2048x2048":false},"uagb_author_info":{"display_name":"mdisplay","author_link":"https:\/\/mdisplay.es\/index.php\/author\/mdisplay\/"},"uagb_comment_info":0,"uagb_excerpt":"MDisplay es un sistema de Digital Signage que te permite crear y gestionar contenidos multimedia para pantallas digitales. Con MDisplay puedes mostrar tus mensajes publicitarios, informativos o educativos de forma din\u00e1mica y atractiva. MDisplay es f\u00e1cil de usar, flexible y escalable. Puedes crear tus propias plantillas o elegir entre las que te ofrecemos. Puedes programar...","_links":{"self":[{"href":"https:\/\/mdisplay.es\/index.php\/wp-json\/wp\/v2\/pages\/2","targetHints":{"allow":["GET"]}}],"collection":[{"href":"https:\/\/mdisplay.es\/index.php\/wp-json\/wp\/v2\/pages"}],"about":[{"href":"https:\/\/mdisplay.es\/index.php\/wp-json\/wp\/v2\/types\/page"}],"author":[{"embeddable":true,"href":"https:\/\/mdisplay.es\/index.php\/wp-json\/wp\/v2\/users\/1"}],"replies":[{"embeddable":true,"href":"https:\/\/mdisplay.es\/index.php\/wp-json\/wp\/v2\/comments?post=2"}],"version-history":[{"count":14,"href":"https:\/\/mdisplay.es\/index.php\/wp-json\/wp\/v2\/pages\/2\/revisions"}],"predecessor-version":[{"id":131,"href":"https:\/\/mdisplay.es\/index.php\/wp-json\/wp\/v2\/pages\/2\/revisions\/131"}],"wp:attachment":[{"href":"https:\/\/mdisplay.es\/index.php\/wp-json\/wp\/v2\/media?parent=2"}],"curies":[{"name":"wp","href":"https:\/\/api.w.org\/{rel}","templated":true}]}}